{"id":2,"date":"2025-04-16T13:41:08","date_gmt":"2025-04-16T13:41:08","guid":{"rendered":"https:\/\/innovavertical.rkinformatika.online\/?page_id=2"},"modified":"2026-03-19T16:19:47","modified_gmt":"2026-03-19T16:19:47","slug":"inicio","status":"publish","type":"page","link":"https:\/\/innovavertical.es\/en\/","title":{"rendered":"Home"},"content":{"rendered":"\t\t<div data-elementor-type=\"wp-page\" data-elementor-id=\"2\" class=\"elementor elementor-2\" data-elementor-post-type=\"page\">\n\t\t\t\t<div class=\"elementor-element elementor-element-ff262b7 e-con-full e-flex e-con e-parent\" data-id=\"ff262b7\" data-element_type=\"container\" data-e-type=\"container\" data-settings=\"{&quot;background_background&quot;:&quot;classic&quot;,&quot;background_motion_fx_motion_fx_scrolling&quot;:&quot;yes&quot;,&quot;background_motion_fx_devices&quot;:[&quot;desktop&quot;,&quot;tablet&quot;,&quot;mobile&quot;]}\">\n\t\t<div class=\"elementor-element elementor-element-8e515fd e-flex e-con-boxed e-con e-child\" data-id=\"8e515fd\" data-element_type=\"container\" data-e-type=\"container\">\n\t\t\t\t\t<div class=\"e-con-inner\">\n\t\t\t\t<div class=\"elementor-element elementor-element-0c333c3 animated-slow elementor-invisible elementor-widget elementor-widget-heading\" data-id=\"0c333c3\" data-element_type=\"widget\" data-e-type=\"widget\" data-settings=\"{&quot;_animation&quot;:&quot;fadeInDown&quot;}\" data-widget_type=\"heading.default\">\n\t\t\t\t<div class=\"elementor-widget-container\">\n\t\t\t\t\t<h1 class=\"elementor-heading-title elementor-size-default\">Bienvenidos a InnovaVertical<\/h1>\t\t\t\t<\/div>\n\t\t\t\t<\/div>\n\t\t\t\t<div class=\"elementor-element elementor-element-573bdfa animated-slow elementor-invisible elementor-widget elementor-widget-heading\" data-id=\"573bdfa\" data-element_type=\"widget\" data-e-type=\"widget\" data-settings=\"{&quot;_animation&quot;:&quot;fadeInDown&quot;}\" data-widget_type=\"heading.default\">\n\t\t\t\t<div class=\"elementor-widget-container\">\n\t\t\t\t\t<h2 class=\"elementor-heading-title elementor-size-default\">Especialistas en altura, comprometidos contigo.<\/h2>\t\t\t\t<\/div>\n\t\t\t\t<\/div>\n\t\t\t\t\t<\/div>\n\t\t\t\t<\/div>\n\t\t\t\t<div class=\"elementor-element elementor-element-025cd0b elementor-align-center animated-slow elementor-invisible elementor-widget elementor-widget-button\" data-id=\"025cd0b\" data-element_type=\"widget\" data-e-type=\"widget\" data-settings=\"{&quot;_animation&quot;:&quot;fadeInUp&quot;}\" data-widget_type=\"button.default\">\n\t\t\t\t<div class=\"elementor-widget-container\">\n\t\t\t\t\t\t\t\t\t<div class=\"elementor-button-wrapper\">\n\t\t\t\t\t<a class=\"elementor-button elementor-button-link elementor-size-sm\" href=\"tel:%20622%20341%20490\">\n\t\t\t\t\t\t<span class=\"elementor-button-content-wrapper\">\n\t\t\t\t\t\t\t\t\t<span class=\"elementor-button-text\">Ll\u00e1manos<\/span>\n\t\t\t\t\t<\/span>\n\t\t\t\t\t<\/a>\n\t\t\t\t<\/div>\n\t\t\t\t\t\t\t\t<\/div>\n\t\t\t\t<\/div>\n\t\t\t\t<\/div>\n\t\t<div class=\"elementor-element elementor-element-2676725 e-flex e-con-boxed e-con e-parent\" data-id=\"2676725\" data-element_type=\"container\" data-e-type=\"container\">\n\t\t\t\t\t<div class=\"e-con-inner\">\n\t\t<div class=\"elementor-element elementor-element-45209dc e-con-full e-flex e-con e-child\" data-id=\"45209dc\" data-element_type=\"container\" data-e-type=\"container\">\n\t\t\t\t<div class=\"elementor-element elementor-element-52a8495 elementor-widget elementor-widget-heading\" data-id=\"52a8495\" data-element_type=\"widget\" data-e-type=\"widget\" data-widget_type=\"heading.default\">\n\t\t\t\t<div class=\"elementor-widget-container\">\n\t\t\t\t\t<h2 class=\"elementor-heading-title elementor-size-default\">NUESTRA HISTORIA<\/h2>\t\t\t\t<\/div>\n\t\t\t\t<\/div>\n\t\t\t\t<div class=\"elementor-element elementor-element-a219440 elementor-widget elementor-widget-text-editor\" data-id=\"a219440\" data-element_type=\"widget\" data-e-type=\"widget\" data-widget_type=\"text-editor.default\">\n\t\t\t\t<div class=\"elementor-widget-container\">\n\t\t\t\t\t\t\t\t\t<p>InnovaVertical nace de la experiencia, la pasi\u00f3n por la altura y la necesidad de ofrecer soluciones reales a problemas complejos en el mundo de la rehabilitaci\u00f3n.<\/p><p>Fundada por profesionales con a\u00f1os de trayectoria en trabajos verticales y reformas integrales, la empresa surge como respuesta a una demanda creciente en el sector: intervenir donde otros no llegan, con seguridad, eficiencia y resultados impecables.<\/p><p>Desde nuestros inicios, hemos apostado por un enfoque integral, sumando servicios t\u00e9cnicos y especializados que nos permiten ofrecer soluciones completas y personalizadas, tanto para comunidades como para particulares.<\/p><p>Hoy, InnovaVertical es sin\u00f3nimo de compromiso, confianza y excelencia en cada proyecto que emprendemos.<\/p>\t\t\t\t\t\t\t\t<\/div>\n\t\t\t\t<\/div>\n\t\t\t\t<\/div>\n\t\t<div class=\"elementor-element elementor-element-142f12e e-con-full e-flex e-con e-child\" data-id=\"142f12e\" data-element_type=\"container\" data-e-type=\"container\" data-settings=\"{&quot;background_background&quot;:&quot;classic&quot;}\">\n\t\t\t\t<\/div>\n\t\t\t\t\t<\/div>\n\t\t\t\t<\/div>\n\t\t<div class=\"elementor-element elementor-element-d5a2657 e-con-full e-flex e-con e-parent\" data-id=\"d5a2657\" data-element_type=\"container\" data-e-type=\"container\" data-settings=\"{&quot;background_background&quot;:&quot;classic&quot;}\">\n\t\t<div class=\"elementor-element elementor-element-11a68ec e-con-full e-flex e-con e-child\" data-id=\"11a68ec\" data-element_type=\"container\" data-e-type=\"container\">\n\t\t\t\t<div class=\"elementor-element elementor-element-d7cf74c animated-slow elementor-invisible elementor-widget elementor-widget-heading\" data-id=\"d7cf74c\" data-element_type=\"widget\" data-e-type=\"widget\" data-settings=\"{&quot;_animation&quot;:&quot;fadeInDown&quot;}\" data-widget_type=\"heading.default\">\n\t\t\t\t<div class=\"elementor-widget-container\">\n\t\t\t\t\t<h3 class=\"elementor-heading-title elementor-size-default\">\u00bfQu\u00e9 podemos hacer por ti? Desc\u00fabrelo en nuestros servicios.<\/h3>\t\t\t\t<\/div>\n\t\t\t\t<\/div>\n\t\t\t\t<\/div>\n\t\t\t\t<div class=\"elementor-element elementor-element-7a71c57 elementor-align-center animated-slow elementor-invisible elementor-widget elementor-widget-button\" data-id=\"7a71c57\" data-element_type=\"widget\" data-e-type=\"widget\" data-settings=\"{&quot;_animation&quot;:&quot;fadeInUp&quot;}\" data-widget_type=\"button.default\">\n\t\t\t\t<div class=\"elementor-widget-container\">\n\t\t\t\t\t\t\t\t\t<div class=\"elementor-button-wrapper\">\n\t\t\t\t\t<a class=\"elementor-button elementor-button-link elementor-size-sm\" href=\"https:\/\/innovavertical.es\/servicio\/\">\n\t\t\t\t\t\t<span class=\"elementor-button-content-wrapper\">\n\t\t\t\t\t\t\t\t\t<span class=\"elementor-button-text\">Ver Servicios<\/span>\n\t\t\t\t\t<\/span>\n\t\t\t\t\t<\/a>\n\t\t\t\t<\/div>\n\t\t\t\t\t\t\t\t<\/div>\n\t\t\t\t<\/div>\n\t\t\t\t<\/div>\n\t\t\t\t<\/div>\n\t\t","protected":false},"excerpt":{"rendered":"<p>Bienvenidos a InnovaVertical Especialistas en altura, comprometidos contigo. Ll\u00e1manos NUESTRA HISTORIA InnovaVertical nace de la experiencia, la pasi\u00f3n por la altura y la necesidad de ofrecer soluciones reales a problemas complejos en el mundo de la rehabilitaci\u00f3n. Fundada por profesionales con a\u00f1os de trayectoria en trabajos verticales y reformas integrales, la empresa surge como respuesta [&hellip;]<\/p>\n","protected":false},"author":1,"featured_media":0,"parent":0,"menu_order":0,"comment_status":"closed","ping_status":"closed","template":"elementor_canvas","meta":{"footnotes":""},"class_list":["post-2","page","type-page","status-publish","hentry"],"yoast_head":"<!-- This site is optimized with the Yoast SEO plugin v27.5 - https:\/\/yoast.com\/product\/yoast-seo-wordpress\/ -->\n<title>Inicio - InnovaVertical<\/title>\n<meta name=\"robots\" content=\"index, follow, max-snippet:-1, max-image-preview:large, max-video-preview:-1\" \/>\n<link rel=\"canonical\" href=\"https:\/\/innovavertical.es\/en\/\" \/>\n<meta property=\"og:locale\" content=\"en_GB\" \/>\n<meta property=\"og:type\" content=\"article\" \/>\n<meta property=\"og:title\" content=\"Inicio - InnovaVertical\" \/>\n<meta property=\"og:description\" content=\"Bienvenidos a InnovaVertical Especialistas en altura, comprometidos contigo. Ll\u00e1manos NUESTRA HISTORIA InnovaVertical nace de la experiencia, la pasi\u00f3n por la altura y la necesidad de ofrecer soluciones reales a problemas complejos en el mundo de la rehabilitaci\u00f3n. Fundada por profesionales con a\u00f1os de trayectoria en trabajos verticales y reformas integrales, la empresa surge como respuesta [&hellip;]\" \/>\n<meta property=\"og:url\" content=\"https:\/\/innovavertical.es\/en\/\" \/>\n<meta property=\"og:site_name\" content=\"InnovaVertical\" \/>\n<meta property=\"article:modified_time\" content=\"2026-03-19T16:19:47+00:00\" \/>\n<meta name=\"twitter:card\" content=\"summary_large_image\" \/>\n<meta name=\"twitter:label1\" content=\"Estimated reading time\" \/>\n\t<meta name=\"twitter:data1\" content=\"1 minute\" \/>\n<script type=\"application\/ld+json\" class=\"yoast-schema-graph\">{\"@context\":\"https:\\\/\\\/schema.org\",\"@graph\":[{\"@type\":\"WebPage\",\"@id\":\"https:\\\/\\\/innovavertical.es\\\/\",\"url\":\"https:\\\/\\\/innovavertical.es\\\/\",\"name\":\"Inicio - InnovaVertical\",\"isPartOf\":{\"@id\":\"https:\\\/\\\/innovavertical.es\\\/#website\"},\"datePublished\":\"2025-04-16T13:41:08+00:00\",\"dateModified\":\"2026-03-19T16:19:47+00:00\",\"breadcrumb\":{\"@id\":\"https:\\\/\\\/innovavertical.es\\\/#breadcrumb\"},\"inLanguage\":\"en-GB\",\"potentialAction\":[{\"@type\":\"ReadAction\",\"target\":[\"https:\\\/\\\/innovavertical.es\\\/\"]}]},{\"@type\":\"BreadcrumbList\",\"@id\":\"https:\\\/\\\/innovavertical.es\\\/#breadcrumb\",\"itemListElement\":[{\"@type\":\"ListItem\",\"position\":1,\"name\":\"Portada\",\"item\":\"https:\\\/\\\/innovavertical.es\\\/\"},{\"@type\":\"ListItem\",\"position\":2,\"name\":\"Inicio\"}]},{\"@type\":\"WebSite\",\"@id\":\"https:\\\/\\\/innovavertical.es\\\/#website\",\"url\":\"https:\\\/\\\/innovavertical.es\\\/\",\"name\":\"InnovaVertical\",\"description\":\"En InnovaVertical nos especializamos en rehabilitaciones y trabajos verticales de alta complejidad.\",\"publisher\":{\"@id\":\"https:\\\/\\\/innovavertical.es\\\/#organization\"},\"potentialAction\":[{\"@type\":\"SearchAction\",\"target\":{\"@type\":\"EntryPoint\",\"urlTemplate\":\"https:\\\/\\\/innovavertical.es\\\/?s={search_term_string}\"},\"query-input\":{\"@type\":\"PropertyValueSpecification\",\"valueRequired\":true,\"valueName\":\"search_term_string\"}}],\"inLanguage\":\"en-GB\"},{\"@type\":\"Organization\",\"@id\":\"https:\\\/\\\/innovavertical.es\\\/#organization\",\"name\":\"InnovaVertical\",\"url\":\"https:\\\/\\\/innovavertical.es\\\/\",\"logo\":{\"@type\":\"ImageObject\",\"inLanguage\":\"en-GB\",\"@id\":\"https:\\\/\\\/innovavertical.es\\\/#\\\/schema\\\/logo\\\/image\\\/\",\"url\":\"https:\\\/\\\/innovavertical.es\\\/wp-content\\\/uploads\\\/2025\\\/04\\\/Innova-LogoAlta-Esteban-Hafon-Maxwell-scaled.jpeg\",\"contentUrl\":\"https:\\\/\\\/innovavertical.es\\\/wp-content\\\/uploads\\\/2025\\\/04\\\/Innova-LogoAlta-Esteban-Hafon-Maxwell-scaled.jpeg\",\"width\":2560,\"height\":555,\"caption\":\"InnovaVertical\"},\"image\":{\"@id\":\"https:\\\/\\\/innovavertical.es\\\/#\\\/schema\\\/logo\\\/image\\\/\"}}]}<\/script>\n<!-- \/ Yoast SEO plugin. -->","yoast_head_json":{"title":"Inicio - InnovaVertical","robots":{"index":"index","follow":"follow","max-snippet":"max-snippet:-1","max-image-preview":"max-image-preview:large","max-video-preview":"max-video-preview:-1"},"canonical":"https:\/\/innovavertical.es\/en\/","og_locale":"en_GB","og_type":"article","og_title":"Inicio - InnovaVertical","og_description":"Bienvenidos a InnovaVertical Especialistas en altura, comprometidos contigo. Ll\u00e1manos NUESTRA HISTORIA InnovaVertical nace de la experiencia, la pasi\u00f3n por la altura y la necesidad de ofrecer soluciones reales a problemas complejos en el mundo de la rehabilitaci\u00f3n. Fundada por profesionales con a\u00f1os de trayectoria en trabajos verticales y reformas integrales, la empresa surge como respuesta [&hellip;]","og_url":"https:\/\/innovavertical.es\/en\/","og_site_name":"InnovaVertical","article_modified_time":"2026-03-19T16:19:47+00:00","twitter_card":"summary_large_image","twitter_misc":{"Estimated reading time":"1 minute"},"schema":{"@context":"https:\/\/schema.org","@graph":[{"@type":"WebPage","@id":"https:\/\/innovavertical.es\/","url":"https:\/\/innovavertical.es\/","name":"Inicio - InnovaVertical","isPartOf":{"@id":"https:\/\/innovavertical.es\/#website"},"datePublished":"2025-04-16T13:41:08+00:00","dateModified":"2026-03-19T16:19:47+00:00","breadcrumb":{"@id":"https:\/\/innovavertical.es\/#breadcrumb"},"inLanguage":"en-GB","potentialAction":[{"@type":"ReadAction","target":["https:\/\/innovavertical.es\/"]}]},{"@type":"BreadcrumbList","@id":"https:\/\/innovavertical.es\/#breadcrumb","itemListElement":[{"@type":"ListItem","position":1,"name":"Portada","item":"https:\/\/innovavertical.es\/"},{"@type":"ListItem","position":2,"name":"Inicio"}]},{"@type":"WebSite","@id":"https:\/\/innovavertical.es\/#website","url":"https:\/\/innovavertical.es\/","name":"InnovaVertical","description":"En InnovaVertical nos especializamos en rehabilitaciones y trabajos verticales de alta complejidad.","publisher":{"@id":"https:\/\/innovavertical.es\/#organization"},"potentialAction":[{"@type":"SearchAction","target":{"@type":"EntryPoint","urlTemplate":"https:\/\/innovavertical.es\/?s={search_term_string}"},"query-input":{"@type":"PropertyValueSpecification","valueRequired":true,"valueName":"search_term_string"}}],"inLanguage":"en-GB"},{"@type":"Organization","@id":"https:\/\/innovavertical.es\/#organization","name":"InnovaVertical","url":"https:\/\/innovavertical.es\/","logo":{"@type":"ImageObject","inLanguage":"en-GB","@id":"https:\/\/innovavertical.es\/#\/schema\/logo\/image\/","url":"https:\/\/innovavertical.es\/wp-content\/uploads\/2025\/04\/Innova-LogoAlta-Esteban-Hafon-Maxwell-scaled.jpeg","contentUrl":"https:\/\/innovavertical.es\/wp-content\/uploads\/2025\/04\/Innova-LogoAlta-Esteban-Hafon-Maxwell-scaled.jpeg","width":2560,"height":555,"caption":"InnovaVertical"},"image":{"@id":"https:\/\/innovavertical.es\/#\/schema\/logo\/image\/"}}]}},"_links":{"self":[{"href":"https:\/\/innovavertical.es\/en\/wp-json\/wp\/v2\/pages\/2","targetHints":{"allow":["GET"]}}],"collection":[{"href":"https:\/\/innovavertical.es\/en\/wp-json\/wp\/v2\/pages"}],"about":[{"href":"https:\/\/innovavertical.es\/en\/wp-json\/wp\/v2\/types\/page"}],"author":[{"embeddable":true,"href":"https:\/\/innovavertical.es\/en\/wp-json\/wp\/v2\/users\/1"}],"replies":[{"embeddable":true,"href":"https:\/\/innovavertical.es\/en\/wp-json\/wp\/v2\/comments?post=2"}],"version-history":[{"count":92,"href":"https:\/\/innovavertical.es\/en\/wp-json\/wp\/v2\/pages\/2\/revisions"}],"predecessor-version":[{"id":555,"href":"https:\/\/innovavertical.es\/en\/wp-json\/wp\/v2\/pages\/2\/revisions\/555"}],"wp:attachment":[{"href":"https:\/\/innovavertical.es\/en\/wp-json\/wp\/v2\/media?parent=2"}],"curies":[{"name":"wp","href":"https:\/\/api.w.org\/{rel}","templated":true}]}}