{"id":20,"date":"2025-04-24T07:42:36","date_gmt":"2025-04-24T07:42:36","guid":{"rendered":"https:\/\/innovavertical.rkinformatika.online\/?page_id=20"},"modified":"2026-03-19T16:21:46","modified_gmt":"2026-03-19T16:21:46","slug":"servicio","status":"publish","type":"page","link":"https:\/\/innovavertical.es\/en\/servicio\/","title":{"rendered":"Service"},"content":{"rendered":"\t\t<div data-elementor-type=\"wp-page\" data-elementor-id=\"20\" class=\"elementor elementor-20\" data-elementor-post-type=\"page\">\n\t\t\t\t<div class=\"elementor-element elementor-element-9b8bd37 e-con-full e-flex e-con e-parent\" data-id=\"9b8bd37\" data-element_type=\"container\" data-e-type=\"container\" data-settings=\"{&quot;background_background&quot;:&quot;classic&quot;,&quot;background_motion_fx_motion_fx_scrolling&quot;:&quot;yes&quot;,&quot;background_motion_fx_devices&quot;:[&quot;desktop&quot;,&quot;tablet&quot;,&quot;mobile&quot;]}\">\n\t\t<div class=\"elementor-element elementor-element-f3f733c e-con-full e-flex e-con e-child\" data-id=\"f3f733c\" data-element_type=\"container\" data-e-type=\"container\">\n\t\t\t\t<div class=\"elementor-element elementor-element-d2eb357 animated-slow elementor-invisible elementor-widget elementor-widget-heading\" data-id=\"d2eb357\" data-element_type=\"widget\" data-e-type=\"widget\" data-settings=\"{&quot;_animation&quot;:&quot;fadeInDown&quot;}\" data-widget_type=\"heading.default\">\n\t\t\t\t<div class=\"elementor-widget-container\">\n\t\t\t\t\t<h1 class=\"elementor-heading-title elementor-size-default\">Todos los servicios que tu edificio necesita.<\/h1>\t\t\t\t<\/div>\n\t\t\t\t<\/div>\n\t\t\t\t<\/div>\n\t\t\t\t<\/div>\n\t\t<div class=\"elementor-element elementor-element-8527cbe e-con-full e-flex e-con e-parent\" data-id=\"8527cbe\" data-element_type=\"container\" data-e-type=\"container\">\n\t\t<div class=\"elementor-element elementor-element-fe1c74e e-con-full e-flex e-con e-child\" data-id=\"fe1c74e\" data-element_type=\"container\" data-e-type=\"container\" data-settings=\"{&quot;background_background&quot;:&quot;classic&quot;}\">\n\t\t\t\t<div class=\"elementor-element elementor-element-7f18ca0 animated-slow elementor-invisible elementor-widget elementor-widget-heading\" data-id=\"7f18ca0\" data-element_type=\"widget\" data-e-type=\"widget\" data-settings=\"{&quot;_animation&quot;:&quot;zoomIn&quot;}\" data-widget_type=\"heading.default\">\n\t\t\t\t<div class=\"elementor-widget-container\">\n\t\t\t\t\t<h3 class=\"elementor-heading-title elementor-size-default\">Rehabilitaci\u00f3n de Fachadas<\/h3>\t\t\t\t<\/div>\n\t\t\t\t<\/div>\n\t\t\t\t<\/div>\n\t\t<div class=\"elementor-element elementor-element-25b0434 e-con-full e-flex e-con e-child\" data-id=\"25b0434\" data-element_type=\"container\" data-e-type=\"container\" data-settings=\"{&quot;background_background&quot;:&quot;classic&quot;}\">\n\t\t\t\t<div class=\"elementor-element elementor-element-29a25ee animated-slow elementor-invisible elementor-widget elementor-widget-heading\" data-id=\"29a25ee\" data-element_type=\"widget\" data-e-type=\"widget\" data-settings=\"{&quot;motion_fx_motion_fx_mouse&quot;:&quot;yes&quot;,&quot;_animation&quot;:&quot;zoomIn&quot;}\" data-widget_type=\"heading.default\">\n\t\t\t\t<div class=\"elementor-widget-container\">\n\t\t\t\t\t<h3 class=\"elementor-heading-title elementor-size-default\">Trabajos Verticales Especializados<\/h3>\t\t\t\t<\/div>\n\t\t\t\t<\/div>\n\t\t\t\t<\/div>\n\t\t<div class=\"elementor-element elementor-element-562f7cb e-con-full e-flex e-con e-child\" data-id=\"562f7cb\" data-element_type=\"container\" data-e-type=\"container\" data-settings=\"{&quot;background_background&quot;:&quot;classic&quot;}\">\n\t\t\t\t<div class=\"elementor-element elementor-element-a8088fa animated-slow elementor-invisible elementor-widget elementor-widget-heading\" data-id=\"a8088fa\" data-element_type=\"widget\" data-e-type=\"widget\" data-settings=\"{&quot;motion_fx_motion_fx_mouse&quot;:&quot;yes&quot;,&quot;_animation&quot;:&quot;zoomIn&quot;}\" data-widget_type=\"heading.default\">\n\t\t\t\t<div class=\"elementor-widget-container\">\n\t\t\t\t\t<h3 class=\"elementor-heading-title elementor-size-default\">Rescate Vertical y Emergencias en Altura<\/h3>\t\t\t\t<\/div>\n\t\t\t\t<\/div>\n\t\t\t\t<\/div>\n\t\t<div class=\"elementor-element elementor-element-d837e04 e-con-full e-flex e-con e-child\" data-id=\"d837e04\" data-element_type=\"container\" data-e-type=\"container\" data-settings=\"{&quot;background_background&quot;:&quot;classic&quot;}\">\n\t\t\t\t<div class=\"elementor-element elementor-element-e07da72 animated-slow elementor-invisible elementor-widget elementor-widget-heading\" data-id=\"e07da72\" data-element_type=\"widget\" data-e-type=\"widget\" data-settings=\"{&quot;motion_fx_motion_fx_mouse&quot;:&quot;yes&quot;,&quot;_animation&quot;:&quot;zoomIn&quot;}\" data-widget_type=\"heading.default\">\n\t\t\t\t<div class=\"elementor-widget-container\">\n\t\t\t\t\t<h3 class=\"elementor-heading-title elementor-size-default\">Fontaner\u00eda Vertical y Tradicional<\/h3>\t\t\t\t<\/div>\n\t\t\t\t<\/div>\n\t\t\t\t<\/div>\n\t\t<div class=\"elementor-element elementor-element-823a6f7 e-con-full e-flex e-con e-child\" data-id=\"823a6f7\" data-element_type=\"container\" data-e-type=\"container\" data-settings=\"{&quot;background_background&quot;:&quot;classic&quot;}\">\n\t\t\t\t<div class=\"elementor-element elementor-element-abcae59 animated-slow elementor-invisible elementor-widget elementor-widget-heading\" data-id=\"abcae59\" data-element_type=\"widget\" data-e-type=\"widget\" data-settings=\"{&quot;motion_fx_motion_fx_mouse&quot;:&quot;yes&quot;,&quot;_animation&quot;:&quot;zoomIn&quot;}\" data-widget_type=\"heading.default\">\n\t\t\t\t<div class=\"elementor-widget-container\">\n\t\t\t\t\t<h3 class=\"elementor-heading-title elementor-size-default\"> Alba\u00f1iler\u00eda T\u00e9cnica<\/h3>\t\t\t\t<\/div>\n\t\t\t\t<\/div>\n\t\t\t\t<\/div>\n\t\t<div class=\"elementor-element elementor-element-a221a71 e-con-full e-flex e-con e-child\" data-id=\"a221a71\" data-element_type=\"container\" data-e-type=\"container\" data-settings=\"{&quot;background_background&quot;:&quot;classic&quot;}\">\n\t\t\t\t<div class=\"elementor-element elementor-element-954d013 animated-slow elementor-invisible elementor-widget elementor-widget-heading\" data-id=\"954d013\" data-element_type=\"widget\" data-e-type=\"widget\" data-settings=\"{&quot;motion_fx_motion_fx_mouse&quot;:&quot;yes&quot;,&quot;_animation&quot;:&quot;zoomIn&quot;}\" data-widget_type=\"heading.default\">\n\t\t\t\t<div class=\"elementor-widget-container\">\n\t\t\t\t\t<h3 class=\"elementor-heading-title elementor-size-default\">Instalaciones El\u00e9ctricas<\/h3>\t\t\t\t<\/div>\n\t\t\t\t<\/div>\n\t\t\t\t<\/div>\n\t\t<div class=\"elementor-element elementor-element-67788ca e-con-full e-flex e-con e-child\" data-id=\"67788ca\" data-element_type=\"container\" data-e-type=\"container\" data-settings=\"{&quot;background_background&quot;:&quot;classic&quot;}\">\n\t\t\t\t<div class=\"elementor-element elementor-element-038d35e animated-slow elementor-invisible elementor-widget elementor-widget-heading\" data-id=\"038d35e\" data-element_type=\"widget\" data-e-type=\"widget\" data-settings=\"{&quot;motion_fx_motion_fx_mouse&quot;:&quot;yes&quot;,&quot;_animation&quot;:&quot;zoomIn&quot;}\" data-widget_type=\"heading.default\">\n\t\t\t\t<div class=\"elementor-widget-container\">\n\t\t\t\t\t<h3 class=\"elementor-heading-title elementor-size-default\">Reformas Integrales de Viviendas<\/h3>\t\t\t\t<\/div>\n\t\t\t\t<\/div>\n\t\t\t\t<\/div>\n\t\t<div class=\"elementor-element elementor-element-bbe613b e-con-full e-flex e-con e-child\" data-id=\"bbe613b\" data-element_type=\"container\" data-e-type=\"container\" data-settings=\"{&quot;background_background&quot;:&quot;classic&quot;}\">\n\t\t\t\t<div class=\"elementor-element elementor-element-9df6304 animated-slow elementor-invisible elementor-widget elementor-widget-heading\" data-id=\"9df6304\" data-element_type=\"widget\" data-e-type=\"widget\" data-settings=\"{&quot;motion_fx_motion_fx_mouse&quot;:&quot;yes&quot;,&quot;_animation&quot;:&quot;zoomIn&quot;}\" data-widget_type=\"heading.default\">\n\t\t\t\t<div class=\"elementor-widget-container\">\n\t\t\t\t\t<h3 class=\"elementor-heading-title elementor-size-default\">Cristaler\u00eda y Cerramientos<\/h3>\t\t\t\t<\/div>\n\t\t\t\t<\/div>\n\t\t\t\t<\/div>\n\t\t<div class=\"elementor-element elementor-element-45af52c e-con-full e-flex e-con e-child\" data-id=\"45af52c\" data-element_type=\"container\" data-e-type=\"container\" data-settings=\"{&quot;background_background&quot;:&quot;classic&quot;}\">\n\t\t\t\t<div class=\"elementor-element elementor-element-91f6209 animated-slow elementor-invisible elementor-widget elementor-widget-heading\" data-id=\"91f6209\" data-element_type=\"widget\" data-e-type=\"widget\" data-settings=\"{&quot;motion_fx_motion_fx_mouse&quot;:&quot;yes&quot;,&quot;_animation&quot;:&quot;zoomIn&quot;}\" data-widget_type=\"heading.default\">\n\t\t\t\t<div class=\"elementor-widget-container\">\n\t\t\t\t\t<h3 class=\"elementor-heading-title elementor-size-default\">Aluminio y Carpinter\u00eda Met\u00e1lica<\/h3>\t\t\t\t<\/div>\n\t\t\t\t<\/div>\n\t\t\t\t<\/div>\n\t\t\t\t<\/div>\n\t\t<div class=\"elementor-element elementor-element-6dec2e5 e-con-full e-flex e-con e-parent\" data-id=\"6dec2e5\" data-element_type=\"container\" data-e-type=\"container\" data-settings=\"{&quot;background_background&quot;:&quot;classic&quot;}\">\n\t\t<div class=\"elementor-element elementor-element-d5968c4 e-con-full e-flex e-con e-child\" data-id=\"d5968c4\" data-element_type=\"container\" data-e-type=\"container\">\n\t\t\t\t<div class=\"elementor-element elementor-element-abacf02 animated-slow elementor-invisible elementor-widget elementor-widget-heading\" data-id=\"abacf02\" data-element_type=\"widget\" data-e-type=\"widget\" data-settings=\"{&quot;_animation&quot;:&quot;fadeInDown&quot;}\" data-widget_type=\"heading.default\">\n\t\t\t\t<div class=\"elementor-widget-container\">\n\t\t\t\t\t<h2 class=\"elementor-heading-title elementor-size-default\">\u00bfTrabajo dif\u00edcil? Consulta a los especialistas.<\/h2>\t\t\t\t<\/div>\n\t\t\t\t<\/div>\n\t\t\t\t<\/div>\n\t\t\t\t<div class=\"elementor-element elementor-element-c413a0b elementor-align-center animated-slow elementor-invisible elementor-widget elementor-widget-button\" data-id=\"c413a0b\" data-element_type=\"widget\" data-e-type=\"widget\" data-settings=\"{&quot;_animation&quot;:&quot;fadeInUp&quot;}\" data-widget_type=\"button.default\">\n\t\t\t\t<div class=\"elementor-widget-container\">\n\t\t\t\t\t\t\t\t\t<div class=\"elementor-button-wrapper\">\n\t\t\t\t\t<a class=\"elementor-button elementor-button-link elementor-size-sm\" href=\"https:\/\/innovavertical.es\/contacto\/\">\n\t\t\t\t\t\t<span class=\"elementor-button-content-wrapper\">\n\t\t\t\t\t\t\t\t\t<span class=\"elementor-button-text\">Cont\u00e1ctanos<\/span>\n\t\t\t\t\t<\/span>\n\t\t\t\t\t<\/a>\n\t\t\t\t<\/div>\n\t\t\t\t\t\t\t\t<\/div>\n\t\t\t\t<\/div>\n\t\t\t\t<\/div>\n\t\t\t\t<\/div>\n\t\t","protected":false},"excerpt":{"rendered":"<p>Todos los servicios que tu edificio necesita. Rehabilitaci\u00f3n de Fachadas Trabajos Verticales Especializados Rescate Vertical y Emergencias en Altura Fontaner\u00eda Vertical y Tradicional Alba\u00f1iler\u00eda T\u00e9cnica Instalaciones El\u00e9ctricas Reformas Integrales de Viviendas Cristaler\u00eda y Cerramientos Aluminio y Carpinter\u00eda Met\u00e1lica \u00bfTrabajo dif\u00edcil? Consulta a los especialistas. Cont\u00e1ctanos<\/p>","protected":false},"author":1,"featured_media":0,"parent":0,"menu_order":0,"comment_status":"closed","ping_status":"closed","template":"elementor_canvas","meta":{"footnotes":""},"class_list":["post-20","page","type-page","status-publish","hentry"],"yoast_head":"<!-- This site is optimized with the Yoast SEO plugin v27.5 - https:\/\/yoast.com\/product\/yoast-seo-wordpress\/ -->\n<title>Servicio - InnovaVertical<\/title>\n<meta name=\"robots\" content=\"index, follow, max-snippet:-1, max-image-preview:large, max-video-preview:-1\" \/>\n<link rel=\"canonical\" href=\"https:\/\/innovavertical.es\/en\/servicio\/\" \/>\n<meta property=\"og:locale\" content=\"en_GB\" \/>\n<meta property=\"og:type\" content=\"article\" \/>\n<meta property=\"og:title\" content=\"Servicio - InnovaVertical\" \/>\n<meta property=\"og:description\" content=\"Todos los servicios que tu edificio necesita. Rehabilitaci\u00f3n de Fachadas Trabajos Verticales Especializados Rescate Vertical y Emergencias en Altura Fontaner\u00eda Vertical y Tradicional Alba\u00f1iler\u00eda T\u00e9cnica Instalaciones El\u00e9ctricas Reformas Integrales de Viviendas Cristaler\u00eda y Cerramientos Aluminio y Carpinter\u00eda Met\u00e1lica \u00bfTrabajo dif\u00edcil? Consulta a los especialistas. Cont\u00e1ctanos\" \/>\n<meta property=\"og:url\" content=\"https:\/\/innovavertical.es\/en\/servicio\/\" \/>\n<meta property=\"og:site_name\" content=\"InnovaVertical\" \/>\n<meta property=\"article:modified_time\" content=\"2026-03-19T16:21:46+00:00\" \/>\n<meta name=\"twitter:card\" content=\"summary_large_image\" \/>\n<meta name=\"twitter:label1\" content=\"Estimated reading time\" \/>\n\t<meta name=\"twitter:data1\" content=\"1 minute\" \/>\n<script type=\"application\/ld+json\" class=\"yoast-schema-graph\">{\"@context\":\"https:\\\/\\\/schema.org\",\"@graph\":[{\"@type\":\"WebPage\",\"@id\":\"https:\\\/\\\/innovavertical.es\\\/servicio\\\/\",\"url\":\"https:\\\/\\\/innovavertical.es\\\/servicio\\\/\",\"name\":\"Servicio - InnovaVertical\",\"isPartOf\":{\"@id\":\"https:\\\/\\\/innovavertical.es\\\/#website\"},\"datePublished\":\"2025-04-24T07:42:36+00:00\",\"dateModified\":\"2026-03-19T16:21:46+00:00\",\"breadcrumb\":{\"@id\":\"https:\\\/\\\/innovavertical.es\\\/servicio\\\/#breadcrumb\"},\"inLanguage\":\"en-GB\",\"potentialAction\":[{\"@type\":\"ReadAction\",\"target\":[\"https:\\\/\\\/innovavertical.es\\\/servicio\\\/\"]}]},{\"@type\":\"BreadcrumbList\",\"@id\":\"https:\\\/\\\/innovavertical.es\\\/servicio\\\/#breadcrumb\",\"itemListElement\":[{\"@type\":\"ListItem\",\"position\":1,\"name\":\"Portada\",\"item\":\"https:\\\/\\\/innovavertical.es\\\/\"},{\"@type\":\"ListItem\",\"position\":2,\"name\":\"Servicio\"}]},{\"@type\":\"WebSite\",\"@id\":\"https:\\\/\\\/innovavertical.es\\\/#website\",\"url\":\"https:\\\/\\\/innovavertical.es\\\/\",\"name\":\"InnovaVertical\",\"description\":\"En InnovaVertical nos especializamos en rehabilitaciones y trabajos verticales de alta complejidad.\",\"publisher\":{\"@id\":\"https:\\\/\\\/innovavertical.es\\\/#organization\"},\"potentialAction\":[{\"@type\":\"SearchAction\",\"target\":{\"@type\":\"EntryPoint\",\"urlTemplate\":\"https:\\\/\\\/innovavertical.es\\\/?s={search_term_string}\"},\"query-input\":{\"@type\":\"PropertyValueSpecification\",\"valueRequired\":true,\"valueName\":\"search_term_string\"}}],\"inLanguage\":\"en-GB\"},{\"@type\":\"Organization\",\"@id\":\"https:\\\/\\\/innovavertical.es\\\/#organization\",\"name\":\"InnovaVertical\",\"url\":\"https:\\\/\\\/innovavertical.es\\\/\",\"logo\":{\"@type\":\"ImageObject\",\"inLanguage\":\"en-GB\",\"@id\":\"https:\\\/\\\/innovavertical.es\\\/#\\\/schema\\\/logo\\\/image\\\/\",\"url\":\"https:\\\/\\\/innovavertical.es\\\/wp-content\\\/uploads\\\/2025\\\/04\\\/Innova-LogoAlta-Esteban-Hafon-Maxwell-scaled.jpeg\",\"contentUrl\":\"https:\\\/\\\/innovavertical.es\\\/wp-content\\\/uploads\\\/2025\\\/04\\\/Innova-LogoAlta-Esteban-Hafon-Maxwell-scaled.jpeg\",\"width\":2560,\"height\":555,\"caption\":\"InnovaVertical\"},\"image\":{\"@id\":\"https:\\\/\\\/innovavertical.es\\\/#\\\/schema\\\/logo\\\/image\\\/\"}}]}<\/script>\n<!-- \/ Yoast SEO plugin. -->","yoast_head_json":{"title":"Servicio - InnovaVertical","robots":{"index":"index","follow":"follow","max-snippet":"max-snippet:-1","max-image-preview":"max-image-preview:large","max-video-preview":"max-video-preview:-1"},"canonical":"https:\/\/innovavertical.es\/en\/servicio\/","og_locale":"en_GB","og_type":"article","og_title":"Servicio - InnovaVertical","og_description":"Todos los servicios que tu edificio necesita. Rehabilitaci\u00f3n de Fachadas Trabajos Verticales Especializados Rescate Vertical y Emergencias en Altura Fontaner\u00eda Vertical y Tradicional Alba\u00f1iler\u00eda T\u00e9cnica Instalaciones El\u00e9ctricas Reformas Integrales de Viviendas Cristaler\u00eda y Cerramientos Aluminio y Carpinter\u00eda Met\u00e1lica \u00bfTrabajo dif\u00edcil? Consulta a los especialistas. Cont\u00e1ctanos","og_url":"https:\/\/innovavertical.es\/en\/servicio\/","og_site_name":"InnovaVertical","article_modified_time":"2026-03-19T16:21:46+00:00","twitter_card":"summary_large_image","twitter_misc":{"Estimated reading time":"1 minute"},"schema":{"@context":"https:\/\/schema.org","@graph":[{"@type":"WebPage","@id":"https:\/\/innovavertical.es\/servicio\/","url":"https:\/\/innovavertical.es\/servicio\/","name":"Servicio - InnovaVertical","isPartOf":{"@id":"https:\/\/innovavertical.es\/#website"},"datePublished":"2025-04-24T07:42:36+00:00","dateModified":"2026-03-19T16:21:46+00:00","breadcrumb":{"@id":"https:\/\/innovavertical.es\/servicio\/#breadcrumb"},"inLanguage":"en-GB","potentialAction":[{"@type":"ReadAction","target":["https:\/\/innovavertical.es\/servicio\/"]}]},{"@type":"BreadcrumbList","@id":"https:\/\/innovavertical.es\/servicio\/#breadcrumb","itemListElement":[{"@type":"ListItem","position":1,"name":"Portada","item":"https:\/\/innovavertical.es\/"},{"@type":"ListItem","position":2,"name":"Servicio"}]},{"@type":"WebSite","@id":"https:\/\/innovavertical.es\/#website","url":"https:\/\/innovavertical.es\/","name":"InnovaVertical","description":"En InnovaVertical nos especializamos en rehabilitaciones y trabajos verticales de alta complejidad.","publisher":{"@id":"https:\/\/innovavertical.es\/#organization"},"potentialAction":[{"@type":"SearchAction","target":{"@type":"EntryPoint","urlTemplate":"https:\/\/innovavertical.es\/?s={search_term_string}"},"query-input":{"@type":"PropertyValueSpecification","valueRequired":true,"valueName":"search_term_string"}}],"inLanguage":"en-GB"},{"@type":"Organization","@id":"https:\/\/innovavertical.es\/#organization","name":"InnovaVertical","url":"https:\/\/innovavertical.es\/","logo":{"@type":"ImageObject","inLanguage":"en-GB","@id":"https:\/\/innovavertical.es\/#\/schema\/logo\/image\/","url":"https:\/\/innovavertical.es\/wp-content\/uploads\/2025\/04\/Innova-LogoAlta-Esteban-Hafon-Maxwell-scaled.jpeg","contentUrl":"https:\/\/innovavertical.es\/wp-content\/uploads\/2025\/04\/Innova-LogoAlta-Esteban-Hafon-Maxwell-scaled.jpeg","width":2560,"height":555,"caption":"InnovaVertical"},"image":{"@id":"https:\/\/innovavertical.es\/#\/schema\/logo\/image\/"}}]}},"_links":{"self":[{"href":"https:\/\/innovavertical.es\/en\/wp-json\/wp\/v2\/pages\/20","targetHints":{"allow":["GET"]}}],"collection":[{"href":"https:\/\/innovavertical.es\/en\/wp-json\/wp\/v2\/pages"}],"about":[{"href":"https:\/\/innovavertical.es\/en\/wp-json\/wp\/v2\/types\/page"}],"author":[{"embeddable":true,"href":"https:\/\/innovavertical.es\/en\/wp-json\/wp\/v2\/users\/1"}],"replies":[{"embeddable":true,"href":"https:\/\/innovavertical.es\/en\/wp-json\/wp\/v2\/comments?post=20"}],"version-history":[{"count":112,"href":"https:\/\/innovavertical.es\/en\/wp-json\/wp\/v2\/pages\/20\/revisions"}],"predecessor-version":[{"id":551,"href":"https:\/\/innovavertical.es\/en\/wp-json\/wp\/v2\/pages\/20\/revisions\/551"}],"wp:attachment":[{"href":"https:\/\/innovavertical.es\/en\/wp-json\/wp\/v2\/media?parent=20"}],"curies":[{"name":"wp","href":"https:\/\/api.w.org\/{rel}","templated":true}]}}